{"id":135,"date":"2015-10-22T15:31:25","date_gmt":"2015-10-22T15:31:25","guid":{"rendered":"http:\/\/test.kriesi.at\/construction\/?page_id=135"},"modified":"2024-01-23T05:52:55","modified_gmt":"2024-01-23T05:52:55","slug":"construccion","status":"publish","type":"page","link":"https:\/\/cuartoalcubo.com\/?page_id=135","title":{"rendered":"Gesti\u00f3n de Permisos de Construcci\u00f3n"},"content":{"rendered":"\n<style type=\"text\/css\" data-created_by=\"avia_inline_auto\" id=\"style-css-av-3g6dqv-e61158d31939e2c161b233fde2cf7915\">\n#top .flex_column.av-3g6dqv-e61158d31939e2c161b233fde2cf7915{\nmargin-top:0px;\nmargin-bottom:0px;\n}\n.flex_column.av-3g6dqv-e61158d31939e2c161b233fde2cf7915{\n-webkit-border-radius:0px 0px 0px 0px;\n-moz-border-radius:0px 0px 0px 0px;\nborder-radius:0px 0px 0px 0px;\npadding:0px 0px 0px 0px;\n}\n.responsive #top #wrap_all .flex_column.av-3g6dqv-e61158d31939e2c161b233fde2cf7915{\nmargin-top:0px;\nmargin-bottom:0px;\n}\n<\/style>\n<div class='flex_column av-3g6dqv-e61158d31939e2c161b233fde2cf7915 av_one_full  avia-builder-el-0  el_before_av_two_third  avia-builder-el-first  first flex_column_div av-animated-generic bottom-to-top av-zero-column-padding '     ><p>\n<style type=\"text\/css\" data-created_by=\"avia_inline_auto\" id=\"style-css-av-3ay373-c4420523b28ce890a2aa98438934fdf9\">\n#top .av-special-heading.av-3ay373-c4420523b28ce890a2aa98438934fdf9{\npadding-bottom:0;\n}\nbody .av-special-heading.av-3ay373-c4420523b28ce890a2aa98438934fdf9 .av-special-heading-tag .heading-char{\nfont-size:25px;\n}\n.av-special-heading.av-3ay373-c4420523b28ce890a2aa98438934fdf9 .av-subheading{\nfont-size:15px;\n}\n<\/style>\n<div  class='av-special-heading av-3ay373-c4420523b28ce890a2aa98438934fdf9 av-special-heading-h2 blockquote modern-quote  avia-builder-el-1  el_before_av_hr  avia-builder-el-first  av-thin-font'><h2 class='av-special-heading-tag'  itemprop=\"headline\"  ><strong>GESTI\u00d3N DE PERMISOS DE CONSTRUCCI\u00d3N<\/strong><\/h2><div class=\"special-heading-border\"><div class=\"special-heading-inner-border\"><\/div><\/div><\/div><br \/>\n\n<style type=\"text\/css\" data-created_by=\"avia_inline_auto\" id=\"style-css-av-33xqbj-3e885aed996a7b4efc068e1962f95f0f\">\n#top .hr.av-33xqbj-3e885aed996a7b4efc068e1962f95f0f{\nmargin-top:10px;\nmargin-bottom:10px;\n}\n.hr.av-33xqbj-3e885aed996a7b4efc068e1962f95f0f .hr-inner{\nwidth:50px;\nborder-color:#83a846;\n}\n<\/style>\n<div  class='hr av-33xqbj-3e885aed996a7b4efc068e1962f95f0f hr-custom  avia-builder-el-2  el_after_av_heading  avia-builder-el-last  hr-left hr-icon-no'><span class='hr-inner inner-border-av-border-fat'><span class=\"hr-inner-style\"><\/span><\/span><\/div><\/p><\/div>\n<style type=\"text\/css\" data-created_by=\"avia_inline_auto\" id=\"style-css-av-2v8e87-88a2da1d228da1ae2e71395d3808b7f9\">\n#top .flex_column.av-2v8e87-88a2da1d228da1ae2e71395d3808b7f9{\nmargin-top:0px;\nmargin-bottom:0px;\n}\n.flex_column.av-2v8e87-88a2da1d228da1ae2e71395d3808b7f9{\n-webkit-border-radius:0px 0px 0px 0px;\n-moz-border-radius:0px 0px 0px 0px;\nborder-radius:0px 0px 0px 0px;\npadding:0px 0px 0px 0px;\n}\n.responsive #top #wrap_all .flex_column.av-2v8e87-88a2da1d228da1ae2e71395d3808b7f9{\nmargin-top:0px;\nmargin-bottom:0px;\n}\n<\/style>\n<div class='flex_column av-2v8e87-88a2da1d228da1ae2e71395d3808b7f9 av_two_third  avia-builder-el-3  el_after_av_one_full  el_before_av_one_full  first flex_column_div av-animated-generic bottom-to-top av-zero-column-padding column-top-margin'     ><section  class='av_textblock_section av-2s4c9z-84e12f5c8ce153f62bee3102c248c918'  itemscope=\"itemscope\" itemtype=\"https:\/\/schema.org\/CreativeWork\" ><div class='avia_textblock'  itemprop=\"text\" ><p>Te podemos ayudar a la gesti\u00f3n de permisos para la construcci\u00f3n de tu propiedad<\/p>\n<h2 style=\"font-weight: 400;\"><strong>SEDUVI<\/strong><\/h2>\n<ol>\n<li>Uso de suelo<\/li>\n<li>Pol\u00edgono de actuaci\u00f3n<\/li>\n<li>Dict\u00e1menes t\u00e9cnicos<\/li>\n<li>Autorizaciones en v\u00eda p\u00fablica<\/li>\n<li>Alineamiento y n\u00famero oficial<\/li>\n<li>Constancia de derechos adquiridos y redensificaci\u00f3n<\/li>\n<li>Dictamen de impacto urbano<\/li>\n<li>Dictamen de informe preliminar, t\u00e9cnico de intervenciones en el espacio p\u00fablico<\/li>\n<li>Licencia de construcci\u00f3n (Especial, Pr\u00f3rroga, Terminaci\u00f3n)<\/li>\n<li>Licencia de subdivisi\u00f3n, fusi\u00f3n o relotificaci\u00f3n<\/li>\n<li>Constancia de publicitaci\u00f3n vecinal para construcciones<\/li>\n<li>Registro de manifestaci\u00f3n tipo B o C<\/li>\n<\/ol>\n<\/div><\/section><\/div>\n<style type=\"text\/css\" data-created_by=\"avia_inline_auto\" id=\"style-css-av-gr7dr-db8e89ca1103fa360642c39d6517e3e0\">\n.flex_column.av-gr7dr-db8e89ca1103fa360642c39d6517e3e0{\nborder-width:1px;\nborder-color:#e1e1e1;\nborder-style:solid;\n-webkit-border-radius:0px 0px 0px 0px;\n-moz-border-radius:0px 0px 0px 0px;\nborder-radius:0px 0px 0px 0px;\npadding:20px 20px 20px 20px;\nbackground-color:#fcfcfc;\n}\n<\/style>\n<div class='flex_column av-gr7dr-db8e89ca1103fa360642c39d6517e3e0 av_one_full  avia-builder-el-5  el_after_av_two_third  avia-builder-el-last  first flex_column_div av-animated-generic bottom-to-top column-top-margin'     ><p><section  class='av_textblock_section av-bhflb-69e76285a786726934bab8d0a3ac7784'  itemscope=\"itemscope\" itemtype=\"https:\/\/schema.org\/CreativeWork\" ><div class='avia_textblock'  itemprop=\"text\" ><p>Cont\u00e1ctanos, te brindaremos m\u00e1s informaci\u00f3n!<\/p>\n<\/div><\/section><br \/>\n<div  class='avia-button-wrap av-lgr9ldzp-c31f5de66a4f907dc413f6f3926373ce-wrap avia-button-center  avia-builder-el-7  el_after_av_textblock  avia-builder-el-last ' ><a href='https:\/\/cuartoalcubo.com\/?page_id=23'  class='avia-button av-lgr9ldzp-c31f5de66a4f907dc413f6f3926373ce avia-icon_select-no avia-size-small avia-position-center avia-color-theme-color' ><span class='avia_iconbox_title' >Contacto<\/span><\/a><\/div><\/p><\/div><\/p>\n","protected":false},"excerpt":{"rendered":"","protected":false},"author":1,"featured_media":0,"parent":25,"menu_order":2,"comment_status":"closed","ping_status":"closed","template":"","meta":{"_monsterinsights_skip_tracking":false,"_monsterinsights_sitenote_active":false,"_monsterinsights_sitenote_note":"","_monsterinsights_sitenote_category":0,"footnotes":""},"class_list":["post-135","page","type-page","status-publish","hentry"],"_links":{"self":[{"href":"https:\/\/cuartoalcubo.com\/index.php?rest_route=\/wp\/v2\/pages\/135","targetHints":{"allow":["GET"]}}],"collection":[{"href":"https:\/\/cuartoalcubo.com\/index.php?rest_route=\/wp\/v2\/pages"}],"about":[{"href":"https:\/\/cuartoalcubo.com\/index.php?rest_route=\/wp\/v2\/types\/page"}],"author":[{"embeddable":true,"href":"https:\/\/cuartoalcubo.com\/index.php?rest_route=\/wp\/v2\/users\/1"}],"replies":[{"embeddable":true,"href":"https:\/\/cuartoalcubo.com\/index.php?rest_route=%2Fwp%2Fv2%2Fcomments&post=135"}],"version-history":[{"count":13,"href":"https:\/\/cuartoalcubo.com\/index.php?rest_route=\/wp\/v2\/pages\/135\/revisions"}],"predecessor-version":[{"id":1180,"href":"https:\/\/cuartoalcubo.com\/index.php?rest_route=\/wp\/v2\/pages\/135\/revisions\/1180"}],"up":[{"embeddable":true,"href":"https:\/\/cuartoalcubo.com\/index.php?rest_route=\/wp\/v2\/pages\/25"}],"wp:attachment":[{"href":"https:\/\/cuartoalcubo.com\/index.php?rest_route=%2Fwp%2Fv2%2Fmedia&parent=135"}],"curies":[{"name":"wp","href":"https:\/\/api.w.org\/{rel}","templated":true}]}}