{"id":140,"date":"2015-10-22T15:32:14","date_gmt":"2015-10-22T15:32:14","guid":{"rendered":"http:\/\/test.kriesi.at\/construction\/?page_id=140"},"modified":"2024-01-23T05:49:41","modified_gmt":"2024-01-23T05:49:41","slug":"small-projects","status":"publish","type":"page","link":"https:\/\/cuartoalcubo.com\/?page_id=140","title":{"rendered":"Servicios de Arquitectura"},"content":{"rendered":"\n<style type=\"text\/css\" data-created_by=\"avia_inline_auto\" id=\"style-css-av-knj30-771c2ace50cc2dfdccf216970fcac905\">\n#top .flex_column.av-knj30-771c2ace50cc2dfdccf216970fcac905{\nmargin-top:0px;\nmargin-bottom:0px;\n}\n.flex_column.av-knj30-771c2ace50cc2dfdccf216970fcac905{\n-webkit-border-radius:0px 0px 0px 0px;\n-moz-border-radius:0px 0px 0px 0px;\nborder-radius:0px 0px 0px 0px;\npadding:0px 0px 0px 0px;\n}\n.responsive #top #wrap_all .flex_column.av-knj30-771c2ace50cc2dfdccf216970fcac905{\nmargin-top:0px;\nmargin-bottom:0px;\n}\n<\/style>\n<div class='flex_column av-knj30-771c2ace50cc2dfdccf216970fcac905 av_one_full  avia-builder-el-0  el_before_av_three_fifth  avia-builder-el-first  first flex_column_div av-animated-generic bottom-to-top av-zero-column-padding '     ><p>\n<style type=\"text\/css\" data-created_by=\"avia_inline_auto\" id=\"style-css-av-lgra4k0z-df7e9f36966987510a92fc9690d7bfc8\">\n#top .av-special-heading.av-lgra4k0z-df7e9f36966987510a92fc9690d7bfc8{\npadding-bottom:0;\n}\nbody .av-special-heading.av-lgra4k0z-df7e9f36966987510a92fc9690d7bfc8 .av-special-heading-tag .heading-char{\nfont-size:25px;\n}\n.av-special-heading.av-lgra4k0z-df7e9f36966987510a92fc9690d7bfc8 .av-subheading{\nfont-size:15px;\n}\n<\/style>\n<div  class='av-special-heading av-lgra4k0z-df7e9f36966987510a92fc9690d7bfc8 av-special-heading-h2 blockquote modern-quote  avia-builder-el-1  el_before_av_hr  avia-builder-el-first  av-thin-font'><h2 class='av-special-heading-tag'  itemprop=\"headline\"  ><strong>CONSTRUCCI\u00d3N Y REMODELACI\u00d3N<\/strong><\/h2><div class=\"special-heading-border\"><div class=\"special-heading-inner-border\"><\/div><\/div><\/div><br \/>\n\n<style type=\"text\/css\" data-created_by=\"avia_inline_auto\" id=\"style-css-av-ghawk-6e7dae2c357caf5cd880067cd51a4caa\">\n#top .hr.av-ghawk-6e7dae2c357caf5cd880067cd51a4caa{\nmargin-top:10px;\nmargin-bottom:10px;\n}\n.hr.av-ghawk-6e7dae2c357caf5cd880067cd51a4caa .hr-inner{\nwidth:50px;\nborder-color:#83a846;\n}\n<\/style>\n<div  class='hr av-ghawk-6e7dae2c357caf5cd880067cd51a4caa hr-custom  avia-builder-el-2  el_after_av_heading  avia-builder-el-last  hr-left hr-icon-no'><span class='hr-inner inner-border-av-border-fat'><span class=\"hr-inner-style\"><\/span><\/span><\/div><\/p><\/div>\n<style type=\"text\/css\" data-created_by=\"avia_inline_auto\" id=\"style-css-av-vupo-9ddfbc1fa94cf476f05da761aa2bdf9a\">\n#top .flex_column.av-vupo-9ddfbc1fa94cf476f05da761aa2bdf9a{\nmargin-top:0px;\nmargin-bottom:0px;\n}\n.flex_column.av-vupo-9ddfbc1fa94cf476f05da761aa2bdf9a{\n-webkit-border-radius:0px 0px 0px 0px;\n-moz-border-radius:0px 0px 0px 0px;\nborder-radius:0px 0px 0px 0px;\npadding:0px 0px 0px 0px;\n}\n.responsive #top #wrap_all .flex_column.av-vupo-9ddfbc1fa94cf476f05da761aa2bdf9a{\nmargin-top:0px;\nmargin-bottom:0px;\n}\n<\/style>\n<div class='flex_column av-vupo-9ddfbc1fa94cf476f05da761aa2bdf9a av_three_fifth  avia-builder-el-3  el_after_av_one_full  el_before_av_two_fifth  first flex_column_div av-animated-generic bottom-to-top av-zero-column-padding column-top-margin'     ><p><section  class='av_textblock_section av-b0stw-b021221c2ee5ddace64c6fcde4d9686d'  itemscope=\"itemscope\" itemtype=\"https:\/\/schema.org\/CreativeWork\" ><div class='avia_textblock'  itemprop=\"text\" ><p>Te podemos apoyar en tu proyecto con distintos servicios de Arquitectura y Construcci\u00f3n:<\/p>\n<p>\u2022 Mantenimiento preventivo y correctivo<br \/>\n\u2022 C\u00e1lculos estructurales<br \/>\n\u2022 Dise\u00f1o arquitect\u00f3nico<br \/>\n\u2022 Dise\u00f1o estructural<br \/>\n\u2022 Dise\u00f1o de instalaciones (el\u00e9ctrica, hidr\u00e1ulica, sanitaria, pluvial, CCTV, dom\u00f3tica)<br \/>\n\u2022 Paisajismo y jardiner\u00eda<br \/>\n\u2022 Obra civil<br \/>\n\u2022 Acabados<br \/>\n\u2022 Carpinter\u00eda<\/p>\n<\/div><\/section><br \/>\n<div  class='av-catalogue-container av-psqis-9961f5df867994f6f805c3eb53f7515c  avia-builder-el-5  el_after_av_textblock  el_before_av_textblock '><ul class='av-catalogue-list'>\n<li><div class='av-catalogue-item av-loo9w-f19a6350e03b068e1dd63ef7dc70192a'><div class=\"av-catalogue-item-inner\"><div class=\"av-catalogue-title-container\"><div class='av-catalogue-title'>Planos Proyecto Arquitect\u00f3nico<\/div><div class='av-catalogue-price'>$ 300<\/div><\/div><div class=\"av-catalogue-content\"><\/div><\/div><\/div><\/li>\n<li><div class='av-catalogue-item av-hp7x8-b25bb03a218af904868c8c7bf23a041c'><div class=\"av-catalogue-item-inner\"><div class=\"av-catalogue-title-container\"><div class='av-catalogue-title'>Planos para Licencias<\/div><div class='av-catalogue-price'>$ 500<\/div><\/div><div class=\"av-catalogue-content\"><\/div><\/div><\/div><\/li>\n<\/ul><\/div><br \/>\n<section  class='av_textblock_section av-1463g-aab9c2e3876bc1a92c56f34db5c75cf4'  itemscope=\"itemscope\" itemtype=\"https:\/\/schema.org\/CreativeWork\" ><div class='avia_textblock'  itemprop=\"text\" ><p><em>Nota: Costo por metro cuadrado<\/em><\/p>\n<\/div><\/section><\/p><\/div><\/p>\n\n<style type=\"text\/css\" data-created_by=\"avia_inline_auto\" id=\"style-css-av-20e3jw-e76087899f73ad97eca40948f6126f55\">\n#top .flex_column.av-20e3jw-e76087899f73ad97eca40948f6126f55{\nmargin-top:0px;\nmargin-bottom:0px;\n}\n.flex_column.av-20e3jw-e76087899f73ad97eca40948f6126f55{\n-webkit-border-radius:0px 0px 0px 0px;\n-moz-border-radius:0px 0px 0px 0px;\nborder-radius:0px 0px 0px 0px;\npadding:0px 0px 0px 0px;\n}\n.responsive #top #wrap_all .flex_column.av-20e3jw-e76087899f73ad97eca40948f6126f55{\nmargin-top:0px;\nmargin-bottom:0px;\n}\n<\/style>\n<div class='flex_column av-20e3jw-e76087899f73ad97eca40948f6126f55 av_two_fifth  avia-builder-el-7  el_after_av_three_fifth  el_before_av_hr  flex_column_div av-animated-generic bottom-to-top av-zero-column-padding column-top-margin'     ><style type=\"text\/css\" data-created_by=\"avia_inline_auto\" id=\"style-css-av-1wbxz8-6eb385eeb2479a544b029d99f4ae6c0f\">\n.avia-image-container.av-1wbxz8-6eb385eeb2479a544b029d99f4ae6c0f img.avia_image{\nbox-shadow:none;\n}\n.avia-image-container.av-1wbxz8-6eb385eeb2479a544b029d99f4ae6c0f .av-image-caption-overlay-center{\ncolor:#ffffff;\n}\n<\/style>\n<div  class='avia-image-container av-1wbxz8-6eb385eeb2479a544b029d99f4ae6c0f av-styling-no-styling avia-align-center  avia-builder-el-8  avia-builder-el-no-sibling '   itemprop=\"image\" itemscope=\"itemscope\" itemtype=\"https:\/\/schema.org\/ImageObject\" ><div class=\"avia-image-container-inner\"><div class=\"avia-image-overlay-wrap\"><img decoding=\"async\" class='wp-image-842 avia-img-lazy-loading-not-842 avia_image ' src=\"https:\/\/cuartoalcubo.com\/wp-content\/uploads\/2023\/04\/Diseno-sin-titulo-4-1-845x684.png\" alt='' title='Dise\u00f1o sin t\u00edtulo-4'  height=\"684\" width=\"845\"  itemprop=\"thumbnailUrl\" srcset=\"https:\/\/cuartoalcubo.com\/wp-content\/uploads\/2023\/04\/Diseno-sin-titulo-4-1-845x684.png 845w, https:\/\/cuartoalcubo.com\/wp-content\/uploads\/2023\/04\/Diseno-sin-titulo-4-1-495x400.png 495w\" sizes=\"(max-width: 845px) 100vw, 845px\" \/><\/div><\/div><\/div><\/div>\n\n<style type=\"text\/css\" data-created_by=\"avia_inline_auto\" id=\"style-css-av-lgra7h0p-6777613d222eb86357c98d8592771d7e\">\n#top .hr.av-lgra7h0p-6777613d222eb86357c98d8592771d7e{\nmargin-top:10px;\nmargin-bottom:10px;\n}\n.hr.av-lgra7h0p-6777613d222eb86357c98d8592771d7e .hr-inner{\nwidth:50px;\nborder-color:#ffffff;\n}\n<\/style>\n<div  class='hr av-lgra7h0p-6777613d222eb86357c98d8592771d7e hr-custom  avia-builder-el-9  el_after_av_two_fifth  el_before_av_one_full  hr-left hr-icon-no'><span class='hr-inner inner-border-av-border-fat'><span class=\"hr-inner-style\"><\/span><\/span><\/div>\n\n<style type=\"text\/css\" data-created_by=\"avia_inline_auto\" id=\"style-css-av-erm84-66a3b8686ebf5a96c62909ec216d880a\">\n.flex_column.av-erm84-66a3b8686ebf5a96c62909ec216d880a{\nborder-width:1px;\nborder-color:#e1e1e1;\nborder-style:solid;\n-webkit-border-radius:0px 0px 0px 0px;\n-moz-border-radius:0px 0px 0px 0px;\nborder-radius:0px 0px 0px 0px;\npadding:20px 20px 20px 20px;\nbackground-color:#fcfcfc;\n}\n<\/style>\n<div class='flex_column av-erm84-66a3b8686ebf5a96c62909ec216d880a av_one_full  avia-builder-el-10  el_after_av_hr  avia-builder-el-last  first flex_column_div av-animated-generic bottom-to-top '     ><p><section  class='av_textblock_section av-lgraaqbm-15fa5f0fe810e34813518f92b2d6850f'  itemscope=\"itemscope\" itemtype=\"https:\/\/schema.org\/CreativeWork\" ><div class='avia_textblock'  itemprop=\"text\" ><p>Cont\u00e1ctanos, te brindaremos una cotizaci\u00f3n sin compromiso!<\/p>\n<\/div><\/section><br \/>\n<div  class='avia-button-wrap av-bcxk4-1f4103d939f22d7597f8199ea3c06ae1-wrap avia-button-center  avia-builder-el-12  el_after_av_textblock  avia-builder-el-last ' ><a href='https:\/\/cuartoalcubo.com\/?page_id=23'  class='avia-button av-bcxk4-1f4103d939f22d7597f8199ea3c06ae1 avia-icon_select-no avia-size-small avia-position-center avia-color-theme-color' ><span class='avia_iconbox_title' >Contacto<\/span><\/a><\/div><\/p><\/div>\n","protected":false},"excerpt":{"rendered":"","protected":false},"author":1,"featured_media":0,"parent":25,"menu_order":0,"comment_status":"closed","ping_status":"closed","template":"","meta":{"_monsterinsights_skip_tracking":false,"_monsterinsights_sitenote_active":false,"_monsterinsights_sitenote_note":"","_monsterinsights_sitenote_category":0,"footnotes":""},"class_list":["post-140","page","type-page","status-publish","hentry"],"_links":{"self":[{"href":"https:\/\/cuartoalcubo.com\/index.php?rest_route=\/wp\/v2\/pages\/140","targetHints":{"allow":["GET"]}}],"collection":[{"href":"https:\/\/cuartoalcubo.com\/index.php?rest_route=\/wp\/v2\/pages"}],"about":[{"href":"https:\/\/cuartoalcubo.com\/index.php?rest_route=\/wp\/v2\/types\/page"}],"author":[{"embeddable":true,"href":"https:\/\/cuartoalcubo.com\/index.php?rest_route=\/wp\/v2\/users\/1"}],"replies":[{"embeddable":true,"href":"https:\/\/cuartoalcubo.com\/index.php?rest_route=%2Fwp%2Fv2%2Fcomments&post=140"}],"version-history":[{"count":23,"href":"https:\/\/cuartoalcubo.com\/index.php?rest_route=\/wp\/v2\/pages\/140\/revisions"}],"predecessor-version":[{"id":1177,"href":"https:\/\/cuartoalcubo.com\/index.php?rest_route=\/wp\/v2\/pages\/140\/revisions\/1177"}],"up":[{"embeddable":true,"href":"https:\/\/cuartoalcubo.com\/index.php?rest_route=\/wp\/v2\/pages\/25"}],"wp:attachment":[{"href":"https:\/\/cuartoalcubo.com\/index.php?rest_route=%2Fwp%2Fv2%2Fmedia&parent=140"}],"curies":[{"name":"wp","href":"https:\/\/api.w.org\/{rel}","templated":true}]}}