{"id":2,"date":"2023-03-14T05:09:55","date_gmt":"2023-03-14T05:09:55","guid":{"rendered":"http:\/\/cuartoalcubo.com\/?page_id=2"},"modified":"2023-04-22T00:06:33","modified_gmt":"2023-04-22T00:06:33","slug":"pagina-ejemplo","status":"publish","type":"page","link":"https:\/\/cuartoalcubo.com\/?page_id=2","title":{"rendered":"P\u00e1gina de ejemplo"},"content":{"rendered":"<form action=\"https:\/\/cuartoalcubo.com\/?page_id=2\" method=\"post\"  class=\"avia_ajax_form av-form-labels-hidden   avia-builder-el-0  avia-builder-el-no-sibling   \" data-avia-form-id=\"1\" data-avia-redirect='' ><h3 class=''>Llena el formulario y en menos de 24 horas nos pondremos en contacto contigo<\/h3><fieldset><p class='  first_form  form_element form_fullwidth' id='element_avia_1_1'><label for=\"avia_1_1\">Nombre <abbr class=\"required\" title=\"requerido\">*<\/abbr><\/label> <input name=\"avia_1_1\" class=\"text_input is_empty\" type=\"text\" id=\"avia_1_1\" value=\"\"  placeholder='Nombre*'\/><\/p><p class='  first_form  form_element form_fullwidth' id='element_avia_2_1'><label for=\"avia_2_1\">Correo electr\u00f3nico <abbr class=\"required\" title=\"requerido\">*<\/abbr><\/label> <input name=\"avia_2_1\" class=\"text_input is_email\" type=\"text\" id=\"avia_2_1\" value=\"\"  placeholder='Correo electr\u00f3nico*'\/><\/p><p class='  first_form  form_element form_fullwidth' id='element_avia_3_1'><label for=\"avia_3_1\">\u00bfQu\u00e9 servicio necesitas? <abbr class=\"required\" title=\"requerido\">*<\/abbr><\/label><select  name=\"avia_3_1\" class=\"select is_empty\" id=\"avia_3_1\"><option  value =''>\u00bfQu\u00e9 servicio necesitas?*<\/option><option  value ='Casas Prefabricadas'>Casas Prefabricadas<\/option><option  value ='Proyecto Arquitect\u00f3nico'>Proyecto Arquitect\u00f3nico<\/option><option  value ='Construcci\u00f3n o Remodelaci\u00f3n'>Construcci\u00f3n o Remodelaci\u00f3n<\/option><option  value ='Tr\u00e1mites para Construcci\u00f3n'>Tr\u00e1mites para Construcci\u00f3n<\/option><option  value ='Proyecto Integral (todos los anteriores)'>Proyecto Integral (todos los anteriores)<\/option><\/select><\/p><p class='  first_form  form_element form_fullwidth' id='element_avia_4_1'><label for=\"avia_4_1\">Metros cuadrados a construir<\/label><select  name=\"avia_4_1\" class=\"select \" id=\"avia_4_1\"><option  value =''>Metros cuadrados a construir<\/option><option  value ='Menos de 100m\u00b2'>Menos de 100m\u00b2<\/option><option  value ='100m\u00b2 a  200 m\u00b2'>100m\u00b2 a  200 m\u00b2<\/option><option  value ='201m\u00b2 a 300m\u00b2'>201m\u00b2 a 300m\u00b2<\/option><option  value ='301m\u00b2 a 500m\u00b2'>301m\u00b2 a 500m\u00b2<\/option><option  value ='501m\u00b2 a 1000m\u00b2 o m\u00e1s'>501m\u00b2 a 1000m\u00b2 o m\u00e1s<\/option><\/select><\/p><p class='  first_form  form_element form_fullwidth' id='element_avia_5_1'><label for=\"avia_5_1\">\u00bfCu\u00e1ndo tienes pensado comenzar tu proyecto?<\/label><select  name=\"avia_5_1\" class=\"select \" id=\"avia_5_1\"><option  value =''>\u00bfCu\u00e1ndo tienes pensado comenzar tu proyecto?<\/option><option  value ='Lo antes posible'>Lo antes posible<\/option><option  value ='de 1 a 6 meses'>de 1 a 6 meses<\/option><option  value ='de 6 a 12 meses'>de 6 a 12 meses<\/option><option  value ='S\u00f3lo quiero ver precios'>S\u00f3lo quiero ver precios<\/option><\/select><\/p><p class='  first_form  form_element form_fullwidth' id='element_avia_6_1'><label for=\"avia_6_1\">Ubicaci\u00f3n del Terreno o Construcci\u00f3n<\/label> <input name=\"avia_6_1\" class=\"text_input \" type=\"text\" id=\"avia_6_1\" value=\"\"  placeholder='Ubicaci\u00f3n del Terreno o Construcci\u00f3n'\/><\/p><p class='  first_form  form_element form_fullwidth av-last-visible-form-element' id='element_avia_7_1'><label for=\"avia_7_1\" class=\"textare_label hidden textare_label_avia_7_1\">Cu\u00e9ntanos m\u00e1s de tu proyecto <abbr class=\"required\" title=\"requerido\">*<\/abbr><\/label><textarea  placeholder='Cu\u00e9ntanos m\u00e1s de tu proyecto*' name=\"avia_7_1\" class=\"text_area is_empty\" cols=\"40\" rows=\"7\" id=\"avia_7_1\" ><\/textarea><\/p><p class=\"hidden\"><input type=\"text\" name=\"avia_8_1\" class=\"hidden \" id=\"avia_8_1\" value=\"\" \/><\/p><p class=\"form_element \"><input type=\"hidden\" value=\"1\" name=\"avia_generated_form1\" \/><input type=\"submit\" value=\"Enviar\" class=\"button\"  data-sending-label=\"Enviando\"\/><\/p><\/fieldset><\/form><div id=\"ajaxresponse_1\" class=\"ajaxresponse ajaxresponse_1 hidden\"><\/div>\n","protected":false},"excerpt":{"rendered":"","protected":false},"author":1,"featured_media":0,"parent":0,"menu_order":0,"comment_status":"closed","ping_status":"open","template":"","meta":{"_monsterinsights_skip_tracking":false,"_monsterinsights_sitenote_active":false,"_monsterinsights_sitenote_note":"","_monsterinsights_sitenote_category":0,"footnotes":""},"class_list":["post-2","page","type-page","status-publish","hentry"],"_links":{"self":[{"href":"https:\/\/cuartoalcubo.com\/index.php?rest_route=\/wp\/v2\/pages\/2","targetHints":{"allow":["GET"]}}],"collection":[{"href":"https:\/\/cuartoalcubo.com\/index.php?rest_route=\/wp\/v2\/pages"}],"about":[{"href":"https:\/\/cuartoalcubo.com\/index.php?rest_route=\/wp\/v2\/types\/page"}],"author":[{"embeddable":true,"href":"https:\/\/cuartoalcubo.com\/index.php?rest_route=\/wp\/v2\/users\/1"}],"replies":[{"embeddable":true,"href":"https:\/\/cuartoalcubo.com\/index.php?rest_route=%2Fwp%2Fv2%2Fcomments&post=2"}],"version-history":[{"count":9,"href":"https:\/\/cuartoalcubo.com\/index.php?rest_route=\/wp\/v2\/pages\/2\/revisions"}],"predecessor-version":[{"id":767,"href":"https:\/\/cuartoalcubo.com\/index.php?rest_route=\/wp\/v2\/pages\/2\/revisions\/767"}],"wp:attachment":[{"href":"https:\/\/cuartoalcubo.com\/index.php?rest_route=%2Fwp%2Fv2%2Fmedia&parent=2"}],"curies":[{"name":"wp","href":"https:\/\/api.w.org\/{rel}","templated":true}]}}