{"id":23,"date":"2015-10-15T15:32:40","date_gmt":"2015-10-15T15:32:40","guid":{"rendered":"http:\/\/wpoffice\/construction\/?page_id=23"},"modified":"2024-01-23T04:43:02","modified_gmt":"2024-01-23T04:43:02","slug":"contact","status":"publish","type":"page","link":"https:\/\/cuartoalcubo.com\/?page_id=23","title":{"rendered":"Contact"},"content":{"rendered":"\n<style type=\"text\/css\" data-created_by=\"avia_inline_auto\" id=\"style-css-av-91p8z-8c561e0daca0105c85b7fbe662c26c38\">\n.flex_column.av-91p8z-8c561e0daca0105c85b7fbe662c26c38{\n-webkit-border-radius:0px 0px 0px 0px;\n-moz-border-radius:0px 0px 0px 0px;\nborder-radius:0px 0px 0px 0px;\npadding:0px 0px 0px 0px;\n}\n<\/style>\n<div class='flex_column av-91p8z-8c561e0daca0105c85b7fbe662c26c38 av_one_fifth  avia-builder-el-0  el_before_av_three_fifth  avia-builder-el-first  first flex_column_div av-animated-generic bottom-to-top av-zero-column-padding '     ><\/div>\n<style type=\"text\/css\" data-created_by=\"avia_inline_auto\" id=\"style-css-av-av_three_fifth-334f9af36cea173305c45a30c585176c\">\n.flex_column.av-av_three_fifth-334f9af36cea173305c45a30c585176c{\n-webkit-border-radius:0px 0px 0px 0px;\n-moz-border-radius:0px 0px 0px 0px;\nborder-radius:0px 0px 0px 0px;\npadding:0px 0px 0px 0px;\n}\n<\/style>\n<div class='flex_column av-av_three_fifth-334f9af36cea173305c45a30c585176c av_three_fifth  avia-builder-el-1  el_after_av_one_fifth  avia-builder-el-last  flex_column_div av-animated-generic bottom-to-top av-zero-column-padding '     ><p>\n<style type=\"text\/css\" data-created_by=\"avia_inline_auto\" id=\"style-css-av-av_heading-e6b131f3ddf95010fa0800edca192672\">\nbody .av-special-heading.av-av_heading-e6b131f3ddf95010fa0800edca192672 .av-special-heading-tag .heading-char{\nfont-size:25px;\n}\n.av-special-heading.av-av_heading-e6b131f3ddf95010fa0800edca192672 .av-subheading{\nfont-size:15px;\n}\n<\/style>\n<div  class='av-special-heading av-av_heading-e6b131f3ddf95010fa0800edca192672 av-special-heading-h2 blockquote modern-quote  avia-builder-el-2  el_before_av_hr  avia-builder-el-first '><h2 class='av-special-heading-tag'  itemprop=\"headline\"  >Escr\u00edbenos <\/h2><div class=\"special-heading-border\"><div class=\"special-heading-inner-border\"><\/div><\/div><\/div><br \/>\n\n<style type=\"text\/css\" data-created_by=\"avia_inline_auto\" id=\"style-css-av-av_hr-8fa203e6a8e713309f506a1b959c0435\">\n#top .hr.av-av_hr-8fa203e6a8e713309f506a1b959c0435{\nmargin-top:10px;\nmargin-bottom:10px;\n}\n.hr.av-av_hr-8fa203e6a8e713309f506a1b959c0435 .hr-inner{\nwidth:50px;\nborder-color:#83a846;\n}\n<\/style>\n<div  class='hr av-av_hr-8fa203e6a8e713309f506a1b959c0435 hr-custom  avia-builder-el-3  el_after_av_heading  el_before_av_contact  hr-left hr-icon-no'><span class='hr-inner inner-border-av-border-fat'><span class=\"hr-inner-style\"><\/span><\/span><\/div><br \/>\n<form action=\"https:\/\/cuartoalcubo.com\/?page_id=23\" method=\"post\"  class=\"avia_ajax_form av-form-labels-hidden   avia-builder-el-4  el_after_av_hr  avia-builder-el-last   \" data-avia-form-id=\"1\" data-avia-redirect='' ><fieldset><p class='  first_form  form_element form_element_half' id='element_avia_1_1'><label for=\"avia_1_1\">Nombre <abbr class=\"required\" title=\"requerido\">*<\/abbr><\/label> <input name=\"avia_1_1\" class=\"text_input is_empty\" type=\"text\" id=\"avia_1_1\" value=\"\"  placeholder='Nombre*'\/><\/p><p class='  form_element form_element_half' id='element_avia_2_1'><label for=\"avia_2_1\">E-Mail <abbr class=\"required\" title=\"requerido\">*<\/abbr><\/label> <input name=\"avia_2_1\" class=\"text_input is_email\" type=\"text\" id=\"avia_2_1\" value=\"\"  placeholder='E-Mail*'\/><\/p><p class='  first_form  form_element form_element_half' id='element_avia_3_1'><label for=\"avia_3_1\">\u00bfQu\u00e9 servicio necesitas? <abbr class=\"required\" title=\"requerido\">*<\/abbr><\/label><select  name=\"avia_3_1\" class=\"select is_empty\" id=\"avia_3_1\"><option  value =''>\u00bfQu\u00e9 servicio necesitas?*<\/option><option  value ='Casas Prefabricadas'>Casas Prefabricadas<\/option><option  value ='Proyecto Arquitect\u00f3nico'>Proyecto Arquitect\u00f3nico<\/option><option  value ='Construcci\u00f3n Tr\u00e1mites para Construcci\u00f3n'>Construcci\u00f3n Tr\u00e1mites para Construcci\u00f3n<\/option><option  value ='Proyecto Integral (todos los anteriores)'>Proyecto Integral (todos los anteriores)<\/option><\/select><\/p><p class='  form_element form_element_half' id='element_avia_4_1'><label for=\"avia_4_1\">Presupuesto para tu proyecto <abbr class=\"required\" title=\"requerido\">*<\/abbr><\/label><select  name=\"avia_4_1\" class=\"select is_empty\" id=\"avia_4_1\"><option  value =''>Presupuesto para tu proyecto*<\/option><option  value ='$0 - $100.000'>$0 - $100.000<\/option><option  value ='$100.001 - $500.000'>$100.001 - $500.000<\/option><option  value ='$500.001 - $1.000.000'>$500.001 - $1.000.000<\/option><option  value ='M\u00e1s de $1.000.000'>M\u00e1s de $1.000.000<\/option><\/select><\/p><p class='  first_form  form_element form_fullwidth av-last-visible-form-element' id='element_avia_5_1'><label for=\"avia_5_1\" class=\"textare_label hidden textare_label_avia_5_1\">Mensaje <abbr class=\"required\" title=\"requerido\">*<\/abbr><\/label><textarea  placeholder='Mensaje*' name=\"avia_5_1\" class=\"text_area is_empty\" cols=\"40\" rows=\"7\" id=\"avia_5_1\" ><\/textarea><\/p><p class=\"hidden\"><input type=\"text\" name=\"avia_6_1\" class=\"hidden \" id=\"avia_6_1\" value=\"\" \/><\/p><p class=\"form_element \"><input type=\"hidden\" value=\"1\" name=\"avia_generated_form1\" \/><input type=\"submit\" value=\"ENVIAR\" class=\"button\"  data-sending-label=\"Enviando\"\/><\/p><\/fieldset><\/form><div id=\"ajaxresponse_1\" class=\"ajaxresponse ajaxresponse_1 hidden\"><\/div><\/p><\/div><\/p>\n","protected":false},"excerpt":{"rendered":"","protected":false},"author":1,"featured_media":0,"parent":0,"menu_order":0,"comment_status":"closed","ping_status":"closed","template":"","meta":{"_monsterinsights_skip_tracking":false,"_monsterinsights_sitenote_active":false,"_monsterinsights_sitenote_note":"","_monsterinsights_sitenote_category":0,"footnotes":""},"class_list":["post-23","page","type-page","status-publish","hentry"],"_links":{"self":[{"href":"https:\/\/cuartoalcubo.com\/index.php?rest_route=\/wp\/v2\/pages\/23","targetHints":{"allow":["GET"]}}],"collection":[{"href":"https:\/\/cuartoalcubo.com\/index.php?rest_route=\/wp\/v2\/pages"}],"about":[{"href":"https:\/\/cuartoalcubo.com\/index.php?rest_route=\/wp\/v2\/types\/page"}],"author":[{"embeddable":true,"href":"https:\/\/cuartoalcubo.com\/index.php?rest_route=\/wp\/v2\/users\/1"}],"replies":[{"embeddable":true,"href":"https:\/\/cuartoalcubo.com\/index.php?rest_route=%2Fwp%2Fv2%2Fcomments&post=23"}],"version-history":[{"count":30,"href":"https:\/\/cuartoalcubo.com\/index.php?rest_route=\/wp\/v2\/pages\/23\/revisions"}],"predecessor-version":[{"id":1146,"href":"https:\/\/cuartoalcubo.com\/index.php?rest_route=\/wp\/v2\/pages\/23\/revisions\/1146"}],"wp:attachment":[{"href":"https:\/\/cuartoalcubo.com\/index.php?rest_route=%2Fwp%2Fv2%2Fmedia&parent=23"}],"curies":[{"name":"wp","href":"https:\/\/api.w.org\/{rel}","templated":true}]}}