{"id":31,"date":"2015-10-21T12:34:01","date_gmt":"2015-10-21T12:34:01","guid":{"rendered":"http:\/\/test.kriesi.at\/construction\/?page_id=31"},"modified":"2023-04-22T00:13:09","modified_gmt":"2023-04-22T00:13:09","slug":"company","status":"publish","type":"page","link":"https:\/\/cuartoalcubo.com\/?page_id=31","title":{"rendered":"Company"},"content":{"rendered":"<div id='av_section_1'  class='avia-section av-mdcm7-30c11834e8148bff7780fe4290d02cf0 main_color avia-section-large avia-no-border-styling  avia-builder-el-0  avia-builder-el-no-sibling  avia-bg-style-scroll container_wrap fullsize'  ><div class='container av-section-cont-open' ><main  role=\"main\" itemprop=\"mainContentOfPage\"  class='template-page content  av-content-full alpha units'><div class='post-entry post-entry-type-page post-entry-31'><div class='entry-content-wrapper clearfix'>\n\n<style type=\"text\/css\" data-created_by=\"avia_inline_auto\" id=\"style-css-av-lixxv-0e932b1f006a22b51386c97970f8049d\">\n#top .av-special-heading.av-lixxv-0e932b1f006a22b51386c97970f8049d{\npadding-bottom:0;\n}\nbody .av-special-heading.av-lixxv-0e932b1f006a22b51386c97970f8049d .av-special-heading-tag .heading-char{\nfont-size:25px;\n}\n.av-special-heading.av-lixxv-0e932b1f006a22b51386c97970f8049d .av-subheading{\nfont-size:15px;\n}\n<\/style>\n<div  class='av-special-heading av-lixxv-0e932b1f006a22b51386c97970f8049d av-special-heading-h2 blockquote modern-quote modern-centered  avia-builder-el-1  el_before_av_hr  avia-builder-el-first '><h2 class='av-special-heading-tag'  itemprop=\"headline\"  >\u00bfQui\u00e9nes Somos?<\/h2><div class=\"special-heading-border\"><div class=\"special-heading-inner-border\"><\/div><\/div><\/div>\n\n<style type=\"text\/css\" data-created_by=\"avia_inline_auto\" id=\"style-css-av-kyi4z-21ebb3c2dfb8b3cee0fa70367e555b12\">\n#top .hr.av-kyi4z-21ebb3c2dfb8b3cee0fa70367e555b12{\nmargin-top:5px;\nmargin-bottom:75px;\n}\n.hr.av-kyi4z-21ebb3c2dfb8b3cee0fa70367e555b12 .hr-inner{\nwidth:50px;\nborder-color:#83a846;\n}\n<\/style>\n<div  class='hr av-kyi4z-21ebb3c2dfb8b3cee0fa70367e555b12 hr-custom  avia-builder-el-2  el_after_av_heading  el_before_av_one_fifth  hr-center hr-icon-no'><span class='hr-inner inner-border-av-border-fat'><span class=\"hr-inner-style\"><\/span><\/span><\/div>\n<div class='flex_column av-1ecg3-177cbd31520c61c3de87b9b671a2760c av_one_fifth  avia-builder-el-3  el_after_av_hr  el_before_av_three_fifth  first flex_column_div '     ><\/div><div class='flex_column av-xpg7-f7bd5b75355a4289a2170adb55d764a9 av_three_fifth  avia-builder-el-4  el_after_av_one_fifth  el_before_av_hr  flex_column_div '     ><style type=\"text\/css\" data-created_by=\"avia_inline_auto\" id=\"style-css-av-capdb-f8fa37c192c9b70c517455aa824b80b3\">\n#top .av_textblock_section.av-capdb-f8fa37c192c9b70c517455aa824b80b3 .avia_textblock{\ntext-align:left;\n}\n<\/style>\n<section  class='av_textblock_section av-capdb-f8fa37c192c9b70c517455aa824b80b3'  itemscope=\"itemscope\" itemtype=\"https:\/\/schema.org\/CreativeWork\" ><div class='avia_textblock'  itemprop=\"text\" ><p>Somos una empresa mexicana de Arquitectura y Construcci\u00f3n fundada por el Arq. Alain Solano que busca ayudar a materializar las ideas y sue\u00f1os de nuestros clientes, creando espacios funcionales, agradables y en armon\u00eda con el entorno y la naturaleza.<\/p>\n<p>En <strong>Cuarto al Cubo<\/strong> estamos comprometidos en ayudar a reducir nuestra huella ambiental, a trav\u00e9s de la promoci\u00f3n y construcci\u00f3n de edificaciones con eficiencia energ\u00e9tica, ofreciendo a sus habitantes la posibilidad de formar parte de un ecosistema sustentable, creando consciencia y ayudando a crecer comunidades sostenibles.<\/p>\n<\/div><\/section><\/div>\n<style type=\"text\/css\" data-created_by=\"avia_inline_auto\" id=\"style-css-av-lggyoqcw-67ad09e418fd36ec66d627daeef357b5\">\n#top .hr.av-lggyoqcw-67ad09e418fd36ec66d627daeef357b5{\nmargin-top:5px;\nmargin-bottom:75px;\n}\n.hr.av-lggyoqcw-67ad09e418fd36ec66d627daeef357b5 .hr-inner{\nwidth:50px;\nborder-color:#83a846;\n}\n<\/style>\n<div  class='hr av-lggyoqcw-67ad09e418fd36ec66d627daeef357b5 hr-custom  avia-builder-el-6  el_after_av_three_fifth  el_before_av_one_half  hr-center hr-icon-no'><span class='hr-inner inner-border-av-border-fat'><span class=\"hr-inner-style\"><\/span><\/span><\/div>\n\n<style type=\"text\/css\" data-created_by=\"avia_inline_auto\" id=\"style-css-av-jgk0b-bee8ce6cc90bdb12c5d86b0a052db018\">\n#top .flex_column.av-jgk0b-bee8ce6cc90bdb12c5d86b0a052db018{\nmargin-top:0px;\nmargin-bottom:0px;\n}\n.flex_column.av-jgk0b-bee8ce6cc90bdb12c5d86b0a052db018{\n-webkit-border-radius:0px 0px 0px 0px;\n-moz-border-radius:0px 0px 0px 0px;\nborder-radius:0px 0px 0px 0px;\npadding:0px 0px 0px 0px;\n}\n.responsive #top #wrap_all .flex_column.av-jgk0b-bee8ce6cc90bdb12c5d86b0a052db018{\nmargin-top:0px;\nmargin-bottom:0px;\n}\n<\/style>\n<div class='flex_column av-jgk0b-bee8ce6cc90bdb12c5d86b0a052db018 av_one_half  avia-builder-el-7  el_after_av_hr  el_before_av_one_half  first flex_column_div av-animated-generic bottom-to-top av-zero-column-padding '     ><style type=\"text\/css\" data-created_by=\"avia_inline_auto\" id=\"style-css-av-iiq9f-8c9052a1fe28899641481be76d2f82d5\">\n.iconbox.av-iiq9f-8c9052a1fe28899641481be76d2f82d5 .iconbox_icon{\nbackground-color:#ffffff;\ncolor:#83a846;\n}\n<\/style>\n<article  class='iconbox iconbox_left_content av-iiq9f-8c9052a1fe28899641481be76d2f82d5  avia-builder-el-8  avia-builder-el-no-sibling '  itemscope=\"itemscope\" itemtype=\"https:\/\/schema.org\/CreativeWork\" ><div class=\"iconbox_icon heading-color\" aria-hidden='true' data-av_icon='\ue8b8' data-av_iconfont='entypo-fontello'><\/div><div class=\"iconbox_content\"><header class=\"entry-content-header\"><h3 class='iconbox_content_title '  itemprop=\"headline\" >Ecosistemas Sustentables<\/h3><\/header><div class='iconbox_content_container '  itemprop=\"text\" ><p>Comprometidos con el medio ambiente<\/p>\n<\/div><\/div><footer class=\"entry-footer\"><\/footer><\/article><\/div>\n<style type=\"text\/css\" data-created_by=\"avia_inline_auto\" id=\"style-css-av-hzbcb-1bd76f283bf25477528df5a8347d1eb4\">\n#top .flex_column.av-hzbcb-1bd76f283bf25477528df5a8347d1eb4{\nmargin-top:0px;\nmargin-bottom:0px;\n}\n.flex_column.av-hzbcb-1bd76f283bf25477528df5a8347d1eb4{\n-webkit-border-radius:0px 0px 0px 0px;\n-moz-border-radius:0px 0px 0px 0px;\nborder-radius:0px 0px 0px 0px;\npadding:0px 0px 0px 0px;\n}\n.responsive #top #wrap_all .flex_column.av-hzbcb-1bd76f283bf25477528df5a8347d1eb4{\nmargin-top:0px;\nmargin-bottom:0px;\n}\n\n@media only screen and (max-width: 479px){ \n.flex_column.av-hzbcb-1bd76f283bf25477528df5a8347d1eb4{\npadding:0 0 0 0;\n}\n}\n<\/style>\n<div class='flex_column av-hzbcb-1bd76f283bf25477528df5a8347d1eb4 av_one_half  avia-builder-el-9  el_after_av_one_half  avia-builder-el-last  flex_column_div av-animated-generic bottom-to-top av-zero-column-padding '     ><style type=\"text\/css\" data-created_by=\"avia_inline_auto\" id=\"style-css-av-1s8db-3254a68c779c802b6087b97e3a5a4efd\">\n.iconbox.av-1s8db-3254a68c779c802b6087b97e3a5a4efd .iconbox_icon{\nbackground-color:#ffffff;\ncolor:#83a846;\n}\n<\/style>\n<article  class='iconbox iconbox_left_content av-1s8db-3254a68c779c802b6087b97e3a5a4efd  avia-builder-el-10  avia-builder-el-no-sibling '  itemscope=\"itemscope\" itemtype=\"https:\/\/schema.org\/CreativeWork\" ><div class=\"iconbox_icon heading-color\" aria-hidden='true' data-av_icon='\ue864' data-av_iconfont='entypo-fontello'><\/div><div class=\"iconbox_content\"><header class=\"entry-content-header\"><h3 class='iconbox_content_title '  itemprop=\"headline\" >Hacemos realidad tus ideas<\/h3><\/header><div class='iconbox_content_container '  itemprop=\"text\" ><p>Ayudamos a nuestros clientes a materializar sus sue\u00f1os<\/p>\n<\/div><\/div><footer class=\"entry-footer\"><\/footer><\/article><\/div>\n","protected":false},"excerpt":{"rendered":"","protected":false},"author":1,"featured_media":0,"parent":0,"menu_order":0,"comment_status":"closed","ping_status":"closed","template":"","meta":{"_monsterinsights_skip_tracking":false,"_monsterinsights_sitenote_active":false,"_monsterinsights_sitenote_note":"","_monsterinsights_sitenote_category":0,"footnotes":""},"class_list":["post-31","page","type-page","status-publish","hentry"],"_links":{"self":[{"href":"https:\/\/cuartoalcubo.com\/index.php?rest_route=\/wp\/v2\/pages\/31","targetHints":{"allow":["GET"]}}],"collection":[{"href":"https:\/\/cuartoalcubo.com\/index.php?rest_route=\/wp\/v2\/pages"}],"about":[{"href":"https:\/\/cuartoalcubo.com\/index.php?rest_route=\/wp\/v2\/types\/page"}],"author":[{"embeddable":true,"href":"https:\/\/cuartoalcubo.com\/index.php?rest_route=\/wp\/v2\/users\/1"}],"replies":[{"embeddable":true,"href":"https:\/\/cuartoalcubo.com\/index.php?rest_route=%2Fwp%2Fv2%2Fcomments&post=31"}],"version-history":[{"count":17,"href":"https:\/\/cuartoalcubo.com\/index.php?rest_route=\/wp\/v2\/pages\/31\/revisions"}],"predecessor-version":[{"id":773,"href":"https:\/\/cuartoalcubo.com\/index.php?rest_route=\/wp\/v2\/pages\/31\/revisions\/773"}],"wp:attachment":[{"href":"https:\/\/cuartoalcubo.com\/index.php?rest_route=%2Fwp%2Fv2%2Fmedia&parent=31"}],"curies":[{"name":"wp","href":"https:\/\/api.w.org\/{rel}","templated":true}]}}